{"id":3077,"date":"2020-02-22T14:35:59","date_gmt":"2020-02-22T14:35:59","guid":{"rendered":"https:\/\/premia.net\/?page_id=3077"},"modified":"2020-03-20T11:23:41","modified_gmt":"2020-03-20T11:23:41","slug":"chi-siamo","status":"publish","type":"page","link":"https:\/\/premia.net\/en\/chi-siamo\/","title":{"rendered":"About us"},"content":{"rendered":"<p>[vc_row css=&#8221;.vc_custom_1582383902725{padding-right: 30px !important;padding-left: 30px !important;}&#8221;][vc_column offset=&#8221;vc_hidden-xs&#8221;][vc_row_inner content_placement=&#8221;middle&#8221; content_text_aligment=&#8221;center&#8221; css=&#8221;.vc_custom_1583258085683{margin-right: 30px !important;margin-left: 30px !important;}&#8221; simple_background_color=&#8221;#b6cd21&#8243;][vc_column_inner][vc_empty_space height=&#8221;50px&#8221;]<div class=\"edgtf-section-title-holder  edgtf-st-standard edgtf-st-title-left edgtf-st-normal-space\" style=\"text-align: center\">\n\t<div class=\"edgtf-st-inner\">\n\t\t\t\t\t<h2 class=\"edgtf-st-title\" style=\"color: #ffffff\">\n\t\t\t\tABOUT US\t\t\t<\/h2>\n\t\t\t\t\t<\/div>\n<\/div>[vc_empty_space height=&#8221;50px&#8221;][\/vc_column_inner][\/vc_row_inner][\/vc_column][\/vc_row][vc_row][vc_column offset=&#8221;vc_hidden-lg vc_hidden-md vc_hidden-sm&#8221;][vc_row_inner content_placement=&#8221;middle&#8221; css=&#8221;.vc_custom_1583258097341{margin-right: 30px !important;margin-left: 30px !important;}&#8221; simple_background_color=&#8221;#b6cd21&#8243;][vc_column_inner][vc_empty_space height=&#8221;50px&#8221;]<div class=\"edgtf-section-title-holder  edgtf-st-standard edgtf-st-title-left edgtf-st-normal-space\" style=\"text-align: center\">\n\t<div class=\"edgtf-st-inner\">\n\t\t\t\t\t<h2 class=\"edgtf-st-title\" style=\"color: #ffffff\">\n\t\t\t\tABOUT US\t\t\t<\/h2>\n\t\t\t\t\t<\/div>\n<\/div>[vc_empty_space height=&#8221;50px&#8221;][\/vc_column_inner][\/vc_row_inner][\/vc_column][\/vc_row][vc_row row_content_width=&#8221;grid&#8221;][vc_column offset=&#8221;vc_hidden-sm vc_hidden-xs&#8221;][vc_empty_space height=&#8221;120&#8243;][vc_row_inner][vc_column_inner width=&#8221;2\/3&#8243;][vc_column_text css_animation=&#8221;bounceInRight&#8221; css=&#8221;.vc_custom_1583837784401{margin-left: 120px !important;}&#8221; el_class=&#8221;font-30&#8243;]<\/p>\n<h3 style=\"color: #808893; text-align: left; margin-bottom: 0px;\">AT THE AGE OF TWENTY WE GOT MARRIED.<\/h3>\n<h3 style=\"color: #808893; text-align: left; margin-top: 0px;\">WITH <span style=\"color: #b6cd21;\">THE CIRCULAR ECONOMY.<\/span><\/h3>\n<p>[\/vc_column_text][vc_empty_space height=&#8221;20px&#8221;][vc_column_text css_animation=&#8221;bounceInRight&#8221; el_class=&#8221;font-30&#8243;]Oggi lavorare nel mondo del merchandising e dei gadget implica una doppia, grande, responsabilit\u00e0. Verso i clienti e verso il pianeta. Premia \u00e8 sul mercato dal 1999, grazie alla qualit\u00e0 del servizio offerto e alla costante ricerca del miglioramento. Proprio per questo ha sposato l\u2019economia circolare. Una promessa a cui intende rimanere fedele.[\/vc_column_text][\/vc_column_inner][vc_column_inner width=&#8221;1\/3&#8243;][vc_single_image image=&#8221;3697&#8243; img_size=&#8221;full&#8221; alignment=&#8221;center&#8221; css_animation=&#8221;bounceInLeft&#8221;][\/vc_column_inner][\/vc_row_inner][vc_empty_space height=&#8221;120&#8243;][vc_separator el_width=&#8221;70&#8243; css_animation=&#8221;fadeIn&#8221; el_class=&#8221;border-green&#8221;][\/vc_column][\/vc_row][vc_row][vc_column offset=&#8221;vc_hidden-lg vc_hidden-md&#8221; css=&#8221;.vc_custom_1582387816766{padding-right: 50px !important;padding-left: 50px !important;}&#8221;][vc_empty_space height=&#8221;80px&#8221;][vc_row_inner][vc_column_inner][vc_column_text css_animation=&#8221;fadeIn&#8221;]<\/p>\n<h3 style=\"color: #808893; text-align: left; margin-bottom: 0px;\">AT THE AGE OF TWENTY WE GOT MARRIED.<\/h3>\n<h3 style=\"color: #808893; text-align: left; margin-top: 0px;\">WITH <span style=\"color: #b6cd21;\">THE CIRCULAR ECONOMY.<\/span><\/h3>\n<p>[\/vc_column_text][vc_empty_space height=&#8221;20px&#8221;][vc_column_text css_animation=&#8221;fadeIn&#8221; el_class=&#8221;font-30&#8243;]Oggi lavorare nel mondo del merchandising e dei gadget implica una doppia, grande, responsabilit\u00e0. Verso i clienti e verso il pianeta. Premia \u00e8 sul mercato dal 1999, grazie alla qualit\u00e0 del servizio offerto e alla costante ricerca del miglioramento. Proprio per questo ha sposato l\u2019economia circolare. Una promessa a cui intende rimanere fedele.[\/vc_column_text][vc_empty_space height=&#8221;20px&#8221;][\/vc_column_inner][\/vc_row_inner][vc_single_image image=&#8221;3697&#8243; img_size=&#8221;full&#8221; css_animation=&#8221;fadeIn&#8221;][vc_empty_space height=&#8221;80px&#8221;][vc_separator el_width=&#8221;70&#8243; css_animation=&#8221;fadeIn&#8221; el_class=&#8221;border-green&#8221;][\/vc_column][\/vc_row][vc_row row_content_width=&#8221;grid&#8221;][vc_column offset=&#8221;vc_hidden-sm vc_hidden-xs&#8221;][vc_empty_space height=&#8221;120px&#8221;][vc_row_inner][vc_column_inner width=&#8221;1\/3&#8243;][vc_single_image image=&#8221;3694&#8243; img_size=&#8221;full&#8221; alignment=&#8221;center&#8221; css_animation=&#8221;bounceInLeft&#8221;][\/vc_column_inner][vc_column_inner width=&#8221;2\/3&#8243;][vc_column_text css_animation=&#8221;bounceInRight&#8221; el_class=&#8221;font-30&#8243;]<\/p>\n<h3 style=\"color: #b6cd21; text-align: left; margin: 0px;\">CIRCULARITY, QUALITY,<\/h3>\n<h3 style=\"color: #b6cd21; text-align: left; margin: 0px;\">SUSTAINABILITY.<\/h3>\n<h3 style=\"color: #808893; text-align: left; margin: 0px;\">THAT\u2019S WHERE WE<\/h3>\n<h3 style=\"color: #808893; text-align: left; margin: 0px;\">PUT THE ACCENT.<\/h3>\n<p>[\/vc_column_text][vc_empty_space height=&#8221;20px&#8221;][vc_column_text css_animation=&#8221;bounceInRight&#8221; el_class=&#8221;font-30&#8243; css=&#8221;.vc_custom_1583419183206{margin-left: 120px !important;}&#8221;]Ci impegniamo, ogni giorno, ad offrire ai nostri clienti progetti sempre innovativi e, per quanto possibile, materiali eco-compatibili. Anche cos\u00ec manteniamo gli standard qualitativi che ci hanno permesso di esistere e prosperare per oltre vent\u2019anni.[\/vc_column_text][\/vc_column_inner][\/vc_row_inner][vc_empty_space height=&#8221;120px&#8221;][vc_separator el_width=&#8221;70&#8243; css_animation=&#8221;fadeIn&#8221; el_class=&#8221;border-green&#8221;][\/vc_column][\/vc_row][vc_row][vc_column offset=&#8221;vc_hidden-lg vc_hidden-md&#8221; css=&#8221;.vc_custom_1582387816766{padding-right: 50px !important;padding-left: 50px !important;}&#8221;][vc_empty_space height=&#8221;80px&#8221;][vc_row_inner][vc_column_inner][vc_column_text css_animation=&#8221;fadeIn&#8221;]<\/p>\n<h3 style=\"color: #b6cd21; text-align: left; margin: 0px;\">CIRCULARITY, QUALITY,<\/h3>\n<h3 style=\"color: #b6cd21; text-align: left; margin: 0px;\">SUSTAINABILITY.<\/h3>\n<h3 style=\"color: #808893; text-align: left; margin: 0px;\">THAT\u2019S WHERE WE<\/h3>\n<h3 style=\"color: #808893; text-align: left; margin: 0px;\">PUT THE ACCENT.<\/h3>\n<p>[\/vc_column_text][vc_empty_space height=&#8221;20px&#8221;][vc_column_text css_animation=&#8221;fadeIn&#8221; el_class=&#8221;font-30&#8243;]Ci impegniamo, ogni giorno, ad offrire ai nostri clienti progetti sempre innovativi e, per quanto possibile, materiali eco-compatibili. Anche cos\u00ec manteniamo gli standard qualitativi che ci hanno permesso di esistere e prosperare per oltre vent\u2019anni.[\/vc_column_text][vc_empty_space height=&#8221;20px&#8221;][\/vc_column_inner][\/vc_row_inner][vc_single_image image=&#8221;3694&#8243; img_size=&#8221;full&#8221; css_animation=&#8221;fadeIn&#8221;][vc_empty_space height=&#8221;80px&#8221;][vc_separator el_width=&#8221;70&#8243; css_animation=&#8221;fadeIn&#8221; el_class=&#8221;border-green&#8221;][\/vc_column][\/vc_row][vc_row row_content_width=&#8221;grid&#8221;][vc_column offset=&#8221;vc_hidden-sm vc_hidden-xs&#8221;][vc_empty_space height=&#8221;120px&#8221;][vc_row_inner][vc_column_inner width=&#8221;2\/3&#8243;][vc_column_text css_animation=&#8221;bounceInRight&#8221; css=&#8221;.vc_custom_1583419431369{margin-left: 120px !important;}&#8221; el_class=&#8221;font-30&#8243;]<\/p>\n<h3 style=\"color: #b6cd21; margin: 0px;\">THE IDEA IS SIMPLE,<\/h3>\n<h3 style=\"color: #808893; margin: 0px;\"><span style=\"color: #b6cd21;\">CIRCULAR.<\/span> AN OBJECT<\/h3>\n<h3 style=\"color: #808893; margin: 0px;\">BECOMES AN OBJECT<\/h3>\n<h3 style=\"color: #808893; margin: 0px;\">THAT BECOMES AN OBJECT.<\/h3>\n<p>[\/vc_column_text][vc_empty_space height=&#8221;20px&#8221;][vc_column_text css_animation=&#8221;bounceInRight&#8221; el_class=&#8221;font-30&#8243;]Premia offre la propria consulenza alle aziende, non soltanto a proposito di comunicazione e merchandising, ma anche di sostenibilit\u00e0. Per permettere ad ogni oggetto di durare molto di pi\u00f9, diventando un oggetto diverso e cos\u00ec via.[\/vc_column_text][\/vc_column_inner][vc_column_inner width=&#8221;1\/3&#8243;][vc_single_image image=&#8221;3695&#8243; img_size=&#8221;full&#8221; alignment=&#8221;center&#8221; css_animation=&#8221;bounceInLeft&#8221;][\/vc_column_inner][\/vc_row_inner][vc_empty_space height=&#8221;40px&#8221;][vc_empty_space height=&#8221;120px&#8221;][vc_separator el_width=&#8221;70&#8243; css_animation=&#8221;fadeIn&#8221; el_class=&#8221;border-green&#8221;][\/vc_column][\/vc_row][vc_row][vc_column offset=&#8221;vc_hidden-lg vc_hidden-md&#8221; css=&#8221;.vc_custom_1582387816766{padding-right: 50px !important;padding-left: 50px !important;}&#8221;][vc_empty_space height=&#8221;80px&#8221;][vc_row_inner][vc_column_inner][vc_column_text css_animation=&#8221;fadeIn&#8221;]<\/p>\n<h3 style=\"color: #b6cd21; margin: 0px;\">THE IDEA IS SIMPLE,<\/h3>\n<h3 style=\"color: #808893; margin: 0px;\"><span style=\"color: #b6cd21;\">CIRCULAR.<\/span> AN OBJECT<\/h3>\n<h3 style=\"color: #808893; margin: 0px;\">BECOMES AN OBJECT<\/h3>\n<h3 style=\"color: #808893; margin: 0px;\">THAT BECOMES AN OBJECT.<\/h3>\n<p>[\/vc_column_text][vc_empty_space height=&#8221;20px&#8221;][vc_column_text css_animation=&#8221;fadeIn&#8221; el_class=&#8221;font-30&#8243;]Premia offre la propria consulenza alle aziende, non soltanto a proposito di comunicazione e merchandising, ma anche di sostenibilit\u00e0. Per permettere ad ogni oggetto di durare molto di pi\u00f9, diventando un oggetto diverso e cos\u00ec via.[\/vc_column_text][vc_empty_space height=&#8221;20px&#8221;][\/vc_column_inner][\/vc_row_inner][vc_single_image image=&#8221;3695&#8243; img_size=&#8221;full&#8221; css_animation=&#8221;fadeIn&#8221;][vc_empty_space height=&#8221;80px&#8221;][vc_separator el_width=&#8221;70&#8243; css_animation=&#8221;fadeIn&#8221; el_class=&#8221;border-green&#8221;][\/vc_column][\/vc_row][vc_row row_content_width=&#8221;grid&#8221;][vc_column offset=&#8221;vc_hidden-sm vc_hidden-xs&#8221;][vc_empty_space height=&#8221;120px&#8221;][vc_row_inner][vc_column_inner width=&#8221;1\/3&#8243;][vc_single_image image=&#8221;3696&#8243; img_size=&#8221;full&#8221; alignment=&#8221;center&#8221; css_animation=&#8221;bounceInLeft&#8221;][\/vc_column_inner][vc_column_inner width=&#8221;2\/3&#8243;][vc_column_text css_animation=&#8221;bounceInRight&#8221; el_class=&#8221;font-30&#8243;]<\/p>\n<h3 style=\"color: #b6cd21; text-align: left; margin: 0px;\">THE CIRCULAR ECONOMY<\/h3>\n<h3 style=\"color: #808893; text-align: left; margin: 0px;\"><span style=\"color: #b6cd21;\">ISN\u2019T HEAVY.<\/span> IT DOESN\u2019T<\/h3>\n<h3 style=\"color: #808893; text-align: left; margin: 0px;\">WEIGH ON US, NOR ON<br> THE PLANET.<\/h3>\n<p>[\/vc_column_text][vc_empty_space height=&#8221;20px&#8221;][vc_column_text css_animation=&#8221;bounceInRight&#8221; el_class=&#8221;font-30&#8243; css=&#8221;.vc_custom_1583419802967{margin-left: 120px !important;}&#8221;]Perch\u00e9 \u00e8 importante usare materiali eco-sostenibili? Perch\u00e9 non diventano scarti, ma vengono rivalorizzati e riutilizzati. In questo modo non pesano sul pianeta terra ed offrono alle aziende e all\u2019economia in generale nuove, interessanti, possibilit\u00e0.[\/vc_column_text][\/vc_column_inner][\/vc_row_inner][vc_empty_space height=&#8221;120px&#8221;][vc_separator el_width=&#8221;70&#8243; css_animation=&#8221;fadeIn&#8221; el_class=&#8221;border-green&#8221;][\/vc_column][\/vc_row][vc_row][vc_column offset=&#8221;vc_hidden-lg vc_hidden-md&#8221; css=&#8221;.vc_custom_1582387816766{padding-right: 50px !important;padding-left: 50px !important;}&#8221;][vc_empty_space height=&#8221;80px&#8221;][vc_row_inner][vc_column_inner][vc_column_text css_animation=&#8221;fadeIn&#8221;]<\/p>\n<h3 style=\"color: #b6cd21; text-align: left; margin: 0px;\">THE CIRCULAR ECONOMY<\/h3>\n<h3 style=\"color: #808893; text-align: left; margin: 0px;\"><span style=\"color: #b6cd21;\">ISN\u2019T HEAVY.<\/span> IT DOESN\u2019T<\/h3>\n<h3 style=\"color: #808893; text-align: left; margin: 0px;\">WEIGH ON US, NOR ON<br> THE PLANET.<\/h3>\n<p>[\/vc_column_text][vc_empty_space height=&#8221;20px&#8221;][vc_column_text css_animation=&#8221;fadeIn&#8221; el_class=&#8221;font-30&#8243;]Perch\u00e9 \u00e8 importante usare materiali eco-sostenibili? Perch\u00e9 non diventano scarti, ma vengono rivalorizzati e riutilizzati. In questo modo non pesano sul pianeta terra ed offrono alle aziende e all\u2019economia in generale nuove, interessanti, possibilit\u00e0.[\/vc_column_text][vc_empty_space height=&#8221;20px&#8221;][\/vc_column_inner][\/vc_row_inner][vc_single_image image=&#8221;3696&#8243; img_size=&#8221;full&#8221; css_animation=&#8221;fadeIn&#8221;][vc_empty_space height=&#8221;80px&#8221;][vc_separator el_width=&#8221;70&#8243; css_animation=&#8221;fadeIn&#8221; el_class=&#8221;border-green&#8221;][\/vc_column][\/vc_row][vc_row row_content_width=&#8221;grid&#8221;][vc_column offset=&#8221;vc_hidden-sm vc_hidden-xs&#8221;][vc_empty_space height=&#8221;120px&#8221;][vc_row_inner][vc_column_inner width=&#8221;2\/3&#8243;][vc_column_text css_animation=&#8221;bounceInRight&#8221; css=&#8221;.vc_custom_1583419990029{margin-left: 120px !important;}&#8221; el_class=&#8221;font-30&#8243;]<\/p>\n<h3 style=\"color: #b6cd21; margin: 0px;\">IN ITS CIRCULARITY<\/h3>\n<h3 style=\"color: #808893; margin: 0px;\">IT IS AN OPEN ECONOMY,<\/h3>\n<h3 style=\"color: #808893; margin: 0px;\">NOT A CLOSED ONE.<\/h3>\n<p>[\/vc_column_text][vc_empty_space height=&#8221;20px&#8221;][vc_column_text css_animation=&#8221;bounceInRight&#8221; el_class=&#8221;font-30&#8243;]L\u2019economia circolare non deve escludere, ma includere. Premia la pensa cos\u00ec e sostiene progetti di carattere sociale che investono nella diversit\u00e0 come una risorsa. Perch\u00e9 c\u2019\u00e8 solo un modo di andare avanti. Ed \u00e8 tutti insieme.[\/vc_column_text][\/vc_column_inner][vc_column_inner width=&#8221;1\/3&#8243;][vc_single_image image=&#8221;3700&#8243; img_size=&#8221;full&#8221; alignment=&#8221;center&#8221; css_animation=&#8221;bounceInLeft&#8221;][\/vc_column_inner][\/vc_row_inner][vc_empty_space height=&#8221;120&#8243;][vc_separator el_width=&#8221;70&#8243; css_animation=&#8221;fadeIn&#8221; el_class=&#8221;border-green&#8221;][\/vc_column][\/vc_row][vc_row][vc_column offset=&#8221;vc_hidden-lg vc_hidden-md&#8221; css=&#8221;.vc_custom_1582387816766{padding-right: 50px !important;padding-left: 50px !important;}&#8221;][vc_empty_space height=&#8221;80px&#8221;][vc_row_inner][vc_column_inner][vc_column_text css_animation=&#8221;fadeIn&#8221;]<\/p>\n<h3 style=\"color: #b6cd21; margin: 0px;\">IN ITS CIRCULARITY<\/h3>\n<h3 style=\"color: #808893; margin: 0px;\">IT IS AN OPEN ECONOMY,<\/h3>\n<h3 style=\"color: #808893; margin: 0px;\">NOT A CLOSED ONE.<\/h3>\n<p>[\/vc_column_text][vc_empty_space height=&#8221;20px&#8221;][vc_column_text css_animation=&#8221;fadeIn&#8221; el_class=&#8221;font-30&#8243;]L\u2019economia circolare non deve escludere, ma includere. Premia la pensa cos\u00ec e sostiene progetti di carattere sociale che investono nella diversit\u00e0 come una risorsa. Perch\u00e9 c\u2019\u00e8 solo un modo di andare avanti. Ed \u00e8 tutti insieme.[\/vc_column_text][vc_empty_space height=&#8221;20px&#8221;][\/vc_column_inner][\/vc_row_inner][vc_single_image image=&#8221;3700&#8243; img_size=&#8221;full&#8221; css_animation=&#8221;fadeIn&#8221;][vc_empty_space height=&#8221;80px&#8221;][vc_separator el_width=&#8221;70&#8243; css_animation=&#8221;fadeIn&#8221; el_class=&#8221;border-green&#8221;][\/vc_column][\/vc_row][vc_row][vc_column][vc_empty_space height=&#8221;120px&#8221;][vc_column_text css_animation=&#8221;fadeIn&#8221;]<\/p>\n<h3 style=\"color: #808893; text-align: center;\">LET YOURSELF BE SERVED <span style=\"color: #b6cd21;\">BY OUR SERVICES.<\/span><\/h3>\n<p>[\/vc_column_text][vc_empty_space height=&#8221;80px&#8221;][vc_row_inner row_content_width=&#8221;grid&#8221;][vc_column_inner width=&#8221;1\/3&#8243;][vc_single_image image=&#8221;3852&#8243; img_size=&#8221;120&#215;120&#8243; alignment=&#8221;center&#8221;][vc_column_text css_animation=&#8221;fadeIn&#8221; el_class=&#8221;font-30&#8243;]<\/p>\n<h4 class=\"green\" style=\"text-align: center;\">GADGETS<\/h4>\n<p style=\"color: #808893; text-align: center;\">Gifts & Premiums<\/p>\n<p>[\/vc_column_text][vc_empty_space][\/vc_column_inner][vc_column_inner width=&#8221;1\/3&#8243;][vc_single_image image=&#8221;3803&#8243; img_size=&#8221;120&#215;120&#8243; alignment=&#8221;center&#8221;][vc_column_text css_animation=&#8221;fadeIn&#8221; el_class=&#8221;font-30&#8243;]<\/p>\n<h4 class=\"green\" style=\"text-align: center;\">PERSONALIZED CONSULTING<\/h4>\n<p style=\"color: #808893; text-align: center;\">Design and manufacture<br \/>\nof tailor-made products<\/p>\n<p>[\/vc_column_text][vc_empty_space][\/vc_column_inner][vc_column_inner width=&#8221;1\/3&#8243;][vc_single_image image=&#8221;3783&#8243; img_size=&#8221;120&#215;120&#8243; alignment=&#8221;center&#8221;][vc_column_text css_animation=&#8221;fadeIn&#8221; el_class=&#8221;font-30&#8243;]<\/p>\n<h4 class=\"green\" style=\"text-align: center;\">QUALITY<\/h4>\n<p style=\"color: #808893; text-align: center;\">Quality control on the product<br \/>\nin all its production phases<\/p>\n<p>[\/vc_column_text][vc_empty_space][\/vc_column_inner][\/vc_row_inner][\/vc_column][\/vc_row][vc_row][vc_column offset=&#8221;vc_hidden-xs&#8221;][vc_empty_space height=&#8221;50px&#8221;][\/vc_column][\/vc_row][vc_row][vc_column][vc_row_inner row_content_width=&#8221;grid&#8221;][vc_column_inner width=&#8221;1\/3&#8243;][vc_single_image image=&#8221;3786&#8243; img_size=&#8221;120&#215;120&#8243; alignment=&#8221;center&#8221;][vc_column_text css_animation=&#8221;fadeIn&#8221; el_class=&#8221;font-30&#8243;]<\/p>\n<h4 class=\"green\" style=\"text-align: center;\">LOGISTICS<\/h4>\n<p style=\"color: #808893; text-align: center;\">Set-up, transport and logistics<\/p>\n<p>[\/vc_column_text][vc_empty_space][\/vc_column_inner][vc_column_inner width=&#8221;1\/3&#8243;][vc_single_image image=&#8221;3790&#8243; img_size=&#8221;120&#215;120&#8243; alignment=&#8221;center&#8221;][vc_column_text css_animation=&#8221;fadeIn&#8221; el_class=&#8221;font-30&#8243;]<\/p>\n<h4 class=\"green\" style=\"text-align: center;\">INCENTIVE<\/h4>\n<p style=\"color: #808893; text-align: center;\">Scouting of Rewards for<br \/>\nincentives and Brand Partnerships<\/p>\n<p>[\/vc_column_text][vc_empty_space][\/vc_column_inner][vc_column_inner width=&#8221;1\/3&#8243;][vc_single_image image=&#8221;3782&#8243; img_size=&#8221;120&#215;120&#8243; alignment=&#8221;center&#8221;][vc_column_text css_animation=&#8221;fadeIn&#8221; css=&#8221;.vc_custom_1584703310544{padding-right: 20px !important;padding-left: 20px !important;}&#8221; el_class=&#8221;font-30&#8243;]<\/p>\n<h4 class=\"green\" style=\"text-align: center;\">EVERGREEN IDEAS<\/h4>\n<p style=\"color: #808893; text-align: center;\">Special Projects in favor<br \/>\nof the Green Economy and attentive to Social well-being<\/p>\n<p>[\/vc_column_text][vc_empty_space][\/vc_column_inner][\/vc_row_inner][\/vc_column][\/vc_row]<\/p>","protected":false},"excerpt":{"rendered":"<p>[vc_row css=&#8221;.vc_custom_1582383902725{padding-right: 30px !important;padding-left: 30px !important;}&#8221;][vc_column offset=&#8221;vc_hidden-xs&#8221;][vc_row_inner content_placement=&#8221;middle&#8221; content_text_aligment=&#8221;center&#8221; css=&#8221;.vc_custom_1583258085683{margin-right: 30px !important;margin-left: 30px !important;}&#8221; simple_background_color=&#8221;#b6cd21&#8243;][vc_column_inner][vc_empty_space height=&#8221;50px&#8221;][vc_empty_space height=&#8221;50px&#8221;][\/vc_column_inner][\/vc_row_inner][\/vc_column][\/vc_row][vc_row][vc_column offset=&#8221;vc_hidden-lg vc_hidden-md vc_hidden-sm&#8221;][vc_row_inner content_placement=&#8221;middle&#8221; css=&#8221;.vc_custom_1583258097341{margin-right: 30px !important;margin-left: 30px !important;}&#8221; simple_background_color=&#8221;#b6cd21&#8243;][vc_column_inner][vc_empty_space height=&#8221;50px&#8221;][vc_empty_space height=&#8221;50px&#8221;][\/vc_column_inner][\/vc_row_inner][\/vc_column][\/vc_row][vc_row row_content_width=&#8221;grid&#8221;][vc_column offset=&#8221;vc_hidden-sm vc_hidden-xs&#8221;][vc_empty_space height=&#8221;120&#8243;][vc_row_inner][vc_column_inner width=&#8221;2\/3&#8243;][vc_column_text css_animation=&#8221;bounceInRight&#8221; css=&#8221;.vc_custom_1583837784401{margin-left: 120px !important;}&#8221; el_class=&#8221;font-30&#8243;] A [&hellip;]<\/p>","protected":false},"author":1,"featured_media":0,"parent":0,"menu_order":0,"comment_status":"closed","ping_status":"closed","template":"full-width.php","meta":{"footnotes":""},"class_list":["post-3077","page","type-page","status-publish","hentry"],"_links":{"self":[{"href":"https:\/\/premia.net\/en\/wp-json\/wp\/v2\/pages\/3077","targetHints":{"allow":["GET"]}}],"collection":[{"href":"https:\/\/premia.net\/en\/wp-json\/wp\/v2\/pages"}],"about":[{"href":"https:\/\/premia.net\/en\/wp-json\/wp\/v2\/types\/page"}],"author":[{"embeddable":true,"href":"https:\/\/premia.net\/en\/wp-json\/wp\/v2\/users\/1"}],"replies":[{"embeddable":true,"href":"https:\/\/premia.net\/en\/wp-json\/wp\/v2\/comments?post=3077"}],"version-history":[{"count":179,"href":"https:\/\/premia.net\/en\/wp-json\/wp\/v2\/pages\/3077\/revisions"}],"predecessor-version":[{"id":4069,"href":"https:\/\/premia.net\/en\/wp-json\/wp\/v2\/pages\/3077\/revisions\/4069"}],"wp:attachment":[{"href":"https:\/\/premia.net\/en\/wp-json\/wp\/v2\/media?parent=3077"}],"curies":[{"name":"wp","href":"https:\/\/api.w.org\/{rel}","templated":true}]}}