{"id":3648,"date":"2020-03-03T19:41:01","date_gmt":"2020-03-03T19:41:01","guid":{"rendered":"https:\/\/premia.net\/?page_id=3648"},"modified":"2020-03-03T19:53:46","modified_gmt":"2020-03-03T19:53:46","slug":"trattamento-dati","status":"publish","type":"page","link":"https:\/\/premia.net\/en\/trattamento-dati\/","title":{"rendered":"Informativa sezione contatti"},"content":{"rendered":"<p><strong>Premia S.r.l. Sole Shareholder Company<\/strong><\/p>\n\n\n\n<p><strong>Informativa sul trattamento dei dati personali&nbsp;<\/strong><\/p>\n\n\n\n<p><strong>Art. 13 del regolamento UE 2016\/679<\/strong><\/p>\n\n\n\n<p><strong>Introduction<\/strong><\/p>\n\n\n\n<p>Premia S.r.l. Sole Shareholder Company (hereinafter simply Premia) is a company specialized in the creation and realization of promotional gadgets produced in Italy and abroad.<\/p>\n\n\n\n<p>L\u2019informativa descrive le caratteristiche del trattamento svolto da Premia in relazione alla sezione \u201cContatti\u201d.<\/p>\n\n\n\n<p><strong>What personal data do we collect?<\/strong><\/p>\n\n\n\n<p>Premia, in qualit\u00e0 di Titolare, raccoglie i seguenti dati personali:<\/p>\n\n\n\n<ul class=\"wp-block-list\"><li><em>dati anagrafici (nome e cognome);<\/em><\/li><li><em>dati di contatto (indirizzo e-mail, telefono);<\/em><\/li><li><em>dati relativi alle esperienze di studio e professionali contenute nel CV (qualora l\u2019interessato invii la richiesta a tale scopo);<\/em><\/li><li><em>informazioni relative all\u2019azienda e\/o al ruolo ricoperto nell\u2019ambito della stessa;<\/em><\/li><li><em>informazioni relative alla richiesta formulata.<\/em><\/li><\/ul>\n\n\n\n<p><strong>For what purposes do we use your personal data?<\/strong><\/p>\n\n\n\n<p>Premia tratta l\u2019informazione personale per perseguire le seguenti finalit\u00e0:<\/p>\n\n\n\n<ul class=\"wp-block-list\"><li><em>fornire riscontro alle richieste dell\u2019interessato (anche tramite l\u2019invio di preventivi, ecc);<\/em><\/li><li><em>valutare la candidatura proposta, qualora sia questo lo scopo della richiesta dell\u2019interessato;<\/em><\/li><li><em>inviare materiale informativo in merito ai servizi offerti.<\/em><\/li><\/ul>\n\n\n\n<p><strong>Why is the processing we carry out legitimate?<\/strong><\/p>\n\n\n\n<p>Il trattamento dei dati personali svolto da Premia \u00e8 legittimo perch\u00e8 si fonda sull\u2019esecuzione di obbligazioni pre-contrattuali e contrattuali. Le attivit\u00e0 di informazione commerciale si fondano sul consenso, libero ed esplicito, dell\u2019interessato.<\/p>\n\n\n\n<p><strong>How does Premia process your personal data and how long does it store them?<\/strong><\/p>\n\n\n\n<p>Your personal data are processed both in paper and electronic mode (servers, cloud databases, application software, etc.).&nbsp;<\/p>\n\n\n\n<p>Premia conserva le informazioni personali dell\u2019interessato seguendo alcuni criteri fondamentali di seguito evidenziati: in particolare riferibili alle finalit\u00e0 della raccolta e ai termini di prescrizione dettati dalla legge.<\/p>\n\n\n\n<p><strong>To whom do we communicate personal data?<\/strong><\/p>\n\n\n\n<p><strong><em>Within Premia<\/em><\/strong><\/p>\n\n\n\n<p>Only Premia collaborators who need it to provide the requested services can access personal data and limited only to information that is instrumental and connected to the same. In particular:<\/p>\n\n\n\n<ul class=\"wp-block-list\"><li><em>personale amministrativo;<\/em><\/li><li><em>personale addetto alla selezione dei candidati;<\/em><\/li><li><em>personale dell\u2019ufficio marketing e comunicazione.<\/em><\/li><\/ul>\n\n\n\n<p>Our employees and collaborators have been informed about how important it is to maintain the absolute confidentiality of personal data k Premia takes all necessary actions to draw their attention to their responsibilities regarding the protection of personal data.&nbsp;<\/p>\n\n\n\n<p><strong><em>Service providers<\/em><\/strong><\/p>\n\n\n\n<p>Premia shares personal information with some suppliers who assist you in providing the services you have requested:<\/p>\n\n\n\n<ul class=\"wp-block-list\"><li><em>terze parti che forniscono supporto per la gestione del servizio;<\/em><\/li><li><em>terze parti che eventualmente supportano il Titolare nella selezione dei candidati.<\/em><\/li><\/ul>\n\n\n\n<p>If third parties access the data, they will do so in compliance with current legislation on the protection of personal data and the instructions given by Premia.<\/p>\n\n\n\n<p><strong><em>Legal requirements<\/em><\/strong><\/p>\n\n\n\n<p>We do not disclose personal information to other third parties without authorization, except when required to do so by law or an Authority.<\/p>\n\n\n\n<p><strong>Quali sono i Suoi diritti come interessato del trattamento e come pu\u00f2 esercitarli?<\/strong><\/p>\n\n\n\n<p>The European Regulation on the protection of personal data (2016\/679) guarantees you, as a data subject, specific rights.<\/p>\n\n\n\n<p>For each processing, you can exercise the following rights:<\/p>\n\n\n\n<ul class=\"wp-block-list\"><li><strong>Right of access<\/strong>: you have the right to obtain a copy of the personal data we hold and which are subject to processing;<\/li><li><strong>Right to correction<\/strong>: you have the right to correct your personal data stored by Premia if they are not updated or correct;<\/li><li><strong>Right to object to the processing of personal data for commercial purposes<\/strong>: you can request that Premia cease sending commercial communications at any time;&nbsp;<\/li><li><strong>Right to object to decisions based on exclusively automated processes: <\/strong>you can request not to be the recipient of decisions made on the basis of exclusively automated processes, including profiling activity;&nbsp;<\/li><li><strong>Right to revoke a consent given<\/strong>: you have the right to revoke the consent given for a certain processing at any time;&nbsp;<\/li><li><strong>Right to contact the Guarantor Authority for the protection of personal data<\/strong>: you have the right to contact the Guarantor Authority for the protection of personal data if you have doubts about the processing of personal data carried out by Premia.<\/li><\/ul>\n\n\n\n<p>You may also exercise the following rights in the event of certain circumstances:<\/p>\n\n\n\n<ul class=\"wp-block-list\"><li><strong>Right to deletion<\/strong>: you can request that Premia delete your personal data if the purposes of the processing have ceased and there are no legitimate interests or legal provisions that require its continuation;&nbsp;<\/li><li><strong>Right to object to processing<\/strong>: you can request that Premia cease to carry out a certain processing on your personal data;<\/li><li><strong>Right to limit processing<\/strong>: you have the right to request that Premia limit the processing operations on your personal data;<\/li><li><strong>Right to data portability<\/strong>: you have the right to obtain a copy of your data in a structured format that can be transferred to another Data Controller.&nbsp;<\/li><\/ul>\n\n\n\n<p>Qualora volesse esercitare I Suoi diritti, per favore invii una e-mail o scriva al seguente indirizzo specificando la Sua richiesta e fornendoci le informazioni necessarie ad identificarla (allegando anche una copia del Suo documento di identit\u00e0): Premia S.r.l. \u2013 Via Casilina 3T \u2013 00182 Roma e-mail privacy@premia.net.<\/p>\n\n\n\n<p>Premia le risponder\u00e0 entro un mese. Se per qualche motivo non riuscissimo a rispondere, Premia le fornir\u00e0 una spiegazione dettagliata sul motivo per cui non pu\u00f2 soddisfare la Sua richiesta.<\/p>\n\n\n\n<p><strong>How can you contact us?<\/strong><\/p>\n\n\n\n<p>La presente informative ha lo scopo di informarLa su quali siano I Suoi dati personali raccolti da Premia e come siano trattati. Se avesse bisogno di qualsiasi tipo di chiarimento, per favore ci contatti ai seguenti riferimenti: Premia S.r.l. \u2013 Via Casilina 3T \u2013 00182 Roma e-mail privacy@premia.net.<\/p>\n\n\n\n<p>\u2610 Presto il consenso al trattamento per le finalit\u00e0 di informazione commerciale descritte nell\u2019informativa<\/p>","protected":false},"excerpt":{"rendered":"<p>Premia s.r.l. a socio unico Informativa sul trattamento dei dati personali&nbsp; Art. 13 del regolamento UE 2016\/679 Premessa Premia S.r.l. a socio unico (di seguito semplicemente Premia) \u00e8 una societ\u00e0 specializzata nella creazione e nella realizzazione di&nbsp;gadget promozionali&nbsp;prodotti in Italia [&hellip;]<\/p>","protected":false},"author":1,"featured_media":0,"parent":0,"menu_order":0,"comment_status":"closed","ping_status":"closed","template":"","meta":{"footnotes":""},"class_list":["post-3648","page","type-page","status-publish","hentry"],"_links":{"self":[{"href":"https:\/\/premia.net\/en\/wp-json\/wp\/v2\/pages\/3648","targetHints":{"allow":["GET"]}}],"collection":[{"href":"https:\/\/premia.net\/en\/wp-json\/wp\/v2\/pages"}],"about":[{"href":"https:\/\/premia.net\/en\/wp-json\/wp\/v2\/types\/page"}],"author":[{"embeddable":true,"href":"https:\/\/premia.net\/en\/wp-json\/wp\/v2\/users\/1"}],"replies":[{"embeddable":true,"href":"https:\/\/premia.net\/en\/wp-json\/wp\/v2\/comments?post=3648"}],"version-history":[{"count":4,"href":"https:\/\/premia.net\/en\/wp-json\/wp\/v2\/pages\/3648\/revisions"}],"predecessor-version":[{"id":3652,"href":"https:\/\/premia.net\/en\/wp-json\/wp\/v2\/pages\/3648\/revisions\/3652"}],"wp:attachment":[{"href":"https:\/\/premia.net\/en\/wp-json\/wp\/v2\/media?parent=3648"}],"curies":[{"name":"wp","href":"https:\/\/api.w.org\/{rel}","templated":true}]}}